{"id":930,"date":"2019-11-12T02:43:55","date_gmt":"2019-11-12T02:43:55","guid":{"rendered":"https:\/\/s3lva.com\/?page_id=930"},"modified":"2020-06-01T19:34:12","modified_gmt":"2020-06-01T19:34:12","slug":"perfil","status":"publish","type":"page","link":"https:\/\/s3lva.com\/en\/perfil\/","title":{"rendered":"Profile"},"content":{"rendered":"<div data-elementor-type=\"wp-page\" data-elementor-id=\"930\" class=\"elementor elementor-930\" data-elementor-post-type=\"page\">\n\t\t\t\t\t\t<section class=\"elementor-section elementor-top-section elementor-element elementor-element-9cd5bc0 elementor-section-boxed elementor-section-height-default elementor-section-height-default\" data-id=\"9cd5bc0\" data-element_type=\"section\" data-e-type=\"section\">\n\t\t\t\t\t\t<div class=\"elementor-container elementor-column-gap-default\">\n\t\t\t\t\t<div class=\"elementor-column elementor-col-100 elementor-top-column elementor-element elementor-element-051e421\" data-id=\"051e421\" data-element_type=\"column\" data-e-type=\"column\">\n\t\t\t<div class=\"elementor-widget-wrap elementor-element-populated\">\n\t\t\t\t\t\t<div class=\"elementor-element elementor-element-f1f56ed elementor-widget elementor-widget-spacer\" data-id=\"f1f56ed\" data-element_type=\"widget\" data-e-type=\"widget\" data-widget_type=\"spacer.default\">\n\t\t\t\t<div class=\"elementor-widget-container\">\n\t\t\t\t\t\t\t<div class=\"elementor-spacer\">\n\t\t\t<div class=\"elementor-spacer-inner\"><\/div>\n\t\t<\/div>\n\t\t\t\t\t\t<\/div>\n\t\t\t\t<\/div>\n\t\t\t\t\t<\/div>\n\t\t<\/div>\n\t\t\t\t\t<\/div>\n\t\t<\/section>\n\t\t\t\t<section class=\"elementor-section elementor-top-section elementor-element elementor-element-165da85 animated-slow elementor-section-boxed elementor-section-height-default elementor-section-height-default elementor-invisible\" data-id=\"165da85\" data-element_type=\"section\" data-e-type=\"section\" data-settings=\"{&quot;animation&quot;:&quot;fadeIn&quot;}\">\n\t\t\t\t\t\t<div class=\"elementor-container elementor-column-gap-default\">\n\t\t\t\t\t<div class=\"elementor-column elementor-col-50 elementor-top-column elementor-element elementor-element-966dc28\" data-id=\"966dc28\" data-element_type=\"column\" data-e-type=\"column\">\n\t\t\t<div class=\"elementor-widget-wrap elementor-element-populated\">\n\t\t\t\t\t\t<div class=\"elementor-element elementor-element-ba36f67 elementor-widget elementor-widget-heading\" data-id=\"ba36f67\" data-element_type=\"widget\" data-e-type=\"widget\" data-widget_type=\"heading.default\">\n\t\t\t\t<div class=\"elementor-widget-container\">\n\t\t\t\t\t<h2 class=\"elementor-heading-title elementor-size-default\">The Agency<\/h2>\t\t\t\t<\/div>\n\t\t\t\t<\/div>\n\t\t\t\t\t<\/div>\n\t\t<\/div>\n\t\t\t\t<div class=\"elementor-column elementor-col-50 elementor-top-column elementor-element elementor-element-38b9522\" data-id=\"38b9522\" data-element_type=\"column\" data-e-type=\"column\">\n\t\t\t<div class=\"elementor-widget-wrap elementor-element-populated\">\n\t\t\t\t\t\t<div class=\"elementor-element elementor-element-3dfca9a elementor-widget elementor-widget-text-editor\" data-id=\"3dfca9a\" data-element_type=\"widget\" data-e-type=\"widget\" data-widget_type=\"text-editor.default\">\n\t\t\t\t<div class=\"elementor-widget-container\">\n\t\t\t\t\t\t\t\t\t<p><span style=\"letter-spacing: 0.2px;\">Founded and directed by <span style=\"color: #606060;\"><a style=\"color: #606060;\" href=\"https:\/\/www.linkedin.com\/in\/agustinorol\/\" target=\"_blank\" rel=\"noopener\">Agustin Orol<\/a><\/span>, Selva develops Branding and Advertising projects endorsed by our experience in the fields of design, content production and media.\u00a0<\/span><\/p><p><span style=\"letter-spacing: 0.2px;\">We provide our clients with agile solutions integrating planning, creativity and production processes.\u00a0<\/span><\/p><p><span style=\"letter-spacing: 0.2px;\">Our work platform is Cloud based, serving from Buenos Aires, Argentina.<\/span><\/p><p><style type=\"text\/css\">\np.p1 {margin: 0.0px 0.0px 0.0px 0.0px; line-height: 23.0px; font: 20.0px Helvetica; color: #000000; background-color: #ffffff}<br \/>p.p2 {margin: 0.0px 0.0px 0.0px 0.0px; line-height: 23.0px; font: 20.0px Helvetica; color: #000000; -webkit-text-stroke: #000000; background-color: #ffffff; min-height: 24.0px}<br \/>p.p3 {margin: 0.0px 0.0px 0.0px 0.0px; line-height: 23.0px; font: 20.0px Helvetica; color: #000000; -webkit-text-stroke: #000000; background-color: #ffffff}<br \/>span.s1 {font-kerning: none}<br \/><\/style><\/p>\t\t\t\t\t\t\t\t<\/div>\n\t\t\t\t<\/div>\n\t\t\t\t\t<\/div>\n\t\t<\/div>\n\t\t\t\t\t<\/div>\n\t\t<\/section>\n\t\t\t\t<section class=\"elementor-section elementor-top-section elementor-element elementor-element-88dd394 animated-slow elementor-section-boxed elementor-section-height-default elementor-section-height-default elementor-invisible\" data-id=\"88dd394\" data-element_type=\"section\" data-e-type=\"section\" data-settings=\"{&quot;animation&quot;:&quot;fadeIn&quot;}\">\n\t\t\t\t\t\t<div class=\"elementor-container elementor-column-gap-default\">\n\t\t\t\t\t<div class=\"elementor-column elementor-col-50 elementor-top-column elementor-element elementor-element-7847f7c\" data-id=\"7847f7c\" data-element_type=\"column\" data-e-type=\"column\">\n\t\t\t<div class=\"elementor-widget-wrap elementor-element-populated\">\n\t\t\t\t\t\t<div class=\"elementor-element elementor-element-8e2d3af elementor-widget elementor-widget-heading\" data-id=\"8e2d3af\" data-element_type=\"widget\" data-e-type=\"widget\" data-widget_type=\"heading.default\">\n\t\t\t\t<div class=\"elementor-widget-container\">\n\t\t\t\t\t<h2 class=\"elementor-heading-title elementor-size-default\">Approach<\/h2>\t\t\t\t<\/div>\n\t\t\t\t<\/div>\n\t\t\t\t\t<\/div>\n\t\t<\/div>\n\t\t\t\t<div class=\"elementor-column elementor-col-50 elementor-top-column elementor-element elementor-element-c5dc326\" data-id=\"c5dc326\" data-element_type=\"column\" data-e-type=\"column\">\n\t\t\t<div class=\"elementor-widget-wrap elementor-element-populated\">\n\t\t\t\t\t\t<div class=\"elementor-element elementor-element-8d1bf78 elementor-widget elementor-widget-text-editor\" data-id=\"8d1bf78\" data-element_type=\"widget\" data-e-type=\"widget\" data-widget_type=\"text-editor.default\">\n\t\t\t\t<div class=\"elementor-widget-container\">\n\t\t\t\t\t\t\t\t\t<p><span style=\"letter-spacing: 0.2px;\">Identifying the strategic need is the essential basis for each client and project. Through exploratory workshops, brand architecture and narrative work, we define, position and articulate our clients' businesses.<\/span><\/p><p><span style=\"letter-spacing: 0.2px;\">We make brands desirable through elegant visual ideas and a distinctive tone of voice, based on a defined strategic positioning.<\/span><\/p><p>\u00a0<\/p>\t\t\t\t\t\t\t\t<\/div>\n\t\t\t\t<\/div>\n\t\t\t\t\t<\/div>\n\t\t<\/div>\n\t\t\t\t\t<\/div>\n\t\t<\/section>\n\t\t\t\t<section class=\"elementor-section elementor-top-section elementor-element elementor-element-c8df315 animated-slow elementor-section-boxed elementor-section-height-default elementor-section-height-default elementor-invisible\" data-id=\"c8df315\" data-element_type=\"section\" data-e-type=\"section\" data-settings=\"{&quot;animation&quot;:&quot;fadeIn&quot;}\">\n\t\t\t\t\t\t<div class=\"elementor-container elementor-column-gap-default\">\n\t\t\t\t\t<div class=\"elementor-column elementor-col-50 elementor-top-column elementor-element elementor-element-69d4249\" data-id=\"69d4249\" data-element_type=\"column\" data-e-type=\"column\">\n\t\t\t<div class=\"elementor-widget-wrap elementor-element-populated\">\n\t\t\t\t\t\t<div class=\"elementor-element elementor-element-74a3e5a elementor-widget elementor-widget-heading\" data-id=\"74a3e5a\" data-element_type=\"widget\" data-e-type=\"widget\" data-widget_type=\"heading.default\">\n\t\t\t\t<div class=\"elementor-widget-container\">\n\t\t\t\t\t<h2 class=\"elementor-heading-title elementor-size-default\">Clients<\/h2>\t\t\t\t<\/div>\n\t\t\t\t<\/div>\n\t\t\t\t\t<\/div>\n\t\t<\/div>\n\t\t\t\t<div class=\"elementor-column elementor-col-50 elementor-top-column elementor-element elementor-element-6d5edae\" data-id=\"6d5edae\" data-element_type=\"column\" data-e-type=\"column\">\n\t\t\t<div class=\"elementor-widget-wrap elementor-element-populated\">\n\t\t\t\t\t\t<div class=\"elementor-element elementor-element-7c38b6c elementor-widget elementor-widget-text-editor\" data-id=\"7c38b6c\" data-element_type=\"widget\" data-e-type=\"widget\" data-widget_type=\"text-editor.default\">\n\t\t\t\t<div class=\"elementor-widget-container\">\n\t\t\t\t\t\t\t\t\t<p><span style=\"letter-spacing: 0.2px;\">We understand how deeply users care about the quality and origin of their products and services. We strive to provide relevant content to the audience taking care of all the details that make up the brand experience.<\/span><\/p><p>We work with clients in Real Estate, Hospitality, Consumer Goods and Media.<\/p><p>Some of the brands we have worked for: Samsung, Adidas, Nike, Coca-Cola, BBC, Sony,\u00a0<span style=\"letter-spacing: 0.2px;\">Converse,<\/span><span style=\"letter-spacing: 0.2px;\">\u00a0The Haig, The Bubble, TSF Desarrollos, entre otras.\u00a0<\/span><\/p>\t\t\t\t\t\t\t\t<\/div>\n\t\t\t\t<\/div>\n\t\t\t\t\t<\/div>\n\t\t<\/div>\n\t\t\t\t\t<\/div>\n\t\t<\/section>\n\t\t\t\t<section class=\"elementor-section elementor-top-section elementor-element elementor-element-206c052 animated-slow elementor-section-boxed elementor-section-height-default elementor-section-height-default elementor-invisible\" data-id=\"206c052\" data-element_type=\"section\" data-e-type=\"section\" data-settings=\"{&quot;animation&quot;:&quot;fadeIn&quot;}\">\n\t\t\t\t\t\t<div class=\"elementor-container elementor-column-gap-default\">\n\t\t\t\t\t<div class=\"elementor-column elementor-col-50 elementor-top-column elementor-element elementor-element-116963f\" data-id=\"116963f\" data-element_type=\"column\" data-e-type=\"column\">\n\t\t\t<div class=\"elementor-widget-wrap elementor-element-populated\">\n\t\t\t\t\t\t<div class=\"elementor-element elementor-element-3f91be1 elementor-widget elementor-widget-heading\" data-id=\"3f91be1\" data-element_type=\"widget\" data-e-type=\"widget\" data-widget_type=\"heading.default\">\n\t\t\t\t<div class=\"elementor-widget-container\">\n\t\t\t\t\t<h2 class=\"elementor-heading-title elementor-size-default\">Services<\/h2>\t\t\t\t<\/div>\n\t\t\t\t<\/div>\n\t\t\t\t\t<\/div>\n\t\t<\/div>\n\t\t\t\t<div class=\"elementor-column elementor-col-50 elementor-top-column elementor-element elementor-element-9eba0b6\" data-id=\"9eba0b6\" data-element_type=\"column\" data-e-type=\"column\">\n\t\t\t<div class=\"elementor-widget-wrap elementor-element-populated\">\n\t\t\t\t\t\t<div class=\"elementor-element elementor-element-d3de16e elementor-widget elementor-widget-text-editor\" data-id=\"d3de16e\" data-element_type=\"widget\" data-e-type=\"widget\" data-widget_type=\"text-editor.default\">\n\t\t\t\t<div class=\"elementor-widget-container\">\n\t\t\t\t\t\t\t\t\t<p>Strategy<\/p><p>Visual identity<\/p><p><span style=\"letter-spacing: 0.2px;\">Photo<\/span><\/p><p>Film<\/p><p><span style=\"letter-spacing: 0.2px;\">Renderings<\/span><\/p><p>Animation<\/p><p>Digital<\/p><p><span style=\"letter-spacing: 0.2px;\">Print<\/span><\/p><p>Advertising<\/p>\t\t\t\t\t\t\t\t<\/div>\n\t\t\t\t<\/div>\n\t\t\t\t\t<\/div>\n\t\t<\/div>\n\t\t\t\t\t<\/div>\n\t\t<\/section>\n\t\t\t\t<\/div>","protected":false},"excerpt":{"rendered":"<p>La agencia Fundada y dirigida por Agustin Orol, Selva desarrolla proyectos de Branding y Publicidad poniendo al servicio de los clientes su experiencia en los campos del dise\u00f1o, la produccion de contenidos y los medios de comunicaci\u00f3n.\u00a0 Brindamos soluciones \u00e1giles que integran los procesos de planificaci\u00f3n, creatividad y producci\u00f3n.\u00a0 Nuestra plataforma de trabajo es Cloud [&hellip;]<\/p>","protected":false},"author":2,"featured_media":0,"parent":0,"menu_order":0,"comment_status":"closed","ping_status":"closed","template":"elementor_header_footer","meta":{"inline_featured_image":false,"footnotes":""},"class_list":["post-930","page","type-page","status-publish","hentry"],"yoast_head":"<!-- This site is optimized with the Yoast SEO plugin v27.4 - https:\/\/yoast.com\/product\/yoast-seo-wordpress\/ -->\n<title>Perfil - Selva Agencia Creativa<\/title>\n<meta name=\"robots\" content=\"index, follow, max-snippet:-1, max-image-preview:large, max-video-preview:-1\" \/>\n<link rel=\"canonical\" href=\"https:\/\/s3lva.com\/en\/perfil\/\" \/>\n<meta property=\"og:locale\" content=\"en_US\" \/>\n<meta property=\"og:type\" content=\"article\" \/>\n<meta property=\"og:title\" content=\"Perfil - Selva Agencia Creativa\" \/>\n<meta property=\"og:description\" content=\"La agencia Fundada y dirigida por Agustin Orol, Selva desarrolla proyectos de Branding y Publicidad poniendo al servicio de los clientes su experiencia en los campos del dise\u00f1o, la produccion de contenidos y los medios de comunicaci\u00f3n.\u00a0 Brindamos soluciones \u00e1giles que integran los procesos de planificaci\u00f3n, creatividad y producci\u00f3n.\u00a0 Nuestra plataforma de trabajo es Cloud [&hellip;]\" \/>\n<meta property=\"og:url\" content=\"https:\/\/s3lva.com\/en\/perfil\/\" \/>\n<meta property=\"og:site_name\" content=\"Selva Agencia Creativa\" \/>\n<meta property=\"article:modified_time\" content=\"2020-06-01T19:34:12+00:00\" \/>\n<meta name=\"twitter:card\" content=\"summary_large_image\" \/>\n<meta name=\"twitter:label1\" content=\"Est. reading time\" \/>\n\t<meta name=\"twitter:data1\" content=\"1 minute\" \/>\n<script type=\"application\/ld+json\" class=\"yoast-schema-graph\">{\"@context\":\"https:\\\/\\\/schema.org\",\"@graph\":[{\"@type\":\"WebPage\",\"@id\":\"https:\\\/\\\/s3lva.com\\\/perfil\\\/\",\"url\":\"https:\\\/\\\/s3lva.com\\\/perfil\\\/\",\"name\":\"Perfil - Selva Agencia Creativa\",\"isPartOf\":{\"@id\":\"https:\\\/\\\/s3lva.com\\\/#website\"},\"datePublished\":\"2019-11-12T02:43:55+00:00\",\"dateModified\":\"2020-06-01T19:34:12+00:00\",\"breadcrumb\":{\"@id\":\"https:\\\/\\\/s3lva.com\\\/perfil\\\/#breadcrumb\"},\"inLanguage\":\"en-US\",\"potentialAction\":[{\"@type\":\"ReadAction\",\"target\":[\"https:\\\/\\\/s3lva.com\\\/perfil\\\/\"]}]},{\"@type\":\"BreadcrumbList\",\"@id\":\"https:\\\/\\\/s3lva.com\\\/perfil\\\/#breadcrumb\",\"itemListElement\":[{\"@type\":\"ListItem\",\"position\":1,\"name\":\"Portada\",\"item\":\"https:\\\/\\\/s3lva.com\\\/\"},{\"@type\":\"ListItem\",\"position\":2,\"name\":\"Perfil\"}]},{\"@type\":\"WebSite\",\"@id\":\"https:\\\/\\\/s3lva.com\\\/#website\",\"url\":\"https:\\\/\\\/s3lva.com\\\/\",\"name\":\"Selva Agencia Creativa\",\"description\":\"La agencia creativa que desarrolla estrategias y produce contenidos innovadores para desarrollos inmobiliarios, hoteler\u00eda, medios y bienes de consumo.\",\"potentialAction\":[{\"@type\":\"SearchAction\",\"target\":{\"@type\":\"EntryPoint\",\"urlTemplate\":\"https:\\\/\\\/s3lva.com\\\/?s={search_term_string}\"},\"query-input\":{\"@type\":\"PropertyValueSpecification\",\"valueRequired\":true,\"valueName\":\"search_term_string\"}}],\"inLanguage\":\"en-US\"}]}<\/script>\n<!-- \/ Yoast SEO plugin. -->","yoast_head_json":{"title":"Perfil - Selva Agencia Creativa","robots":{"index":"index","follow":"follow","max-snippet":"max-snippet:-1","max-image-preview":"max-image-preview:large","max-video-preview":"max-video-preview:-1"},"canonical":"https:\/\/s3lva.com\/en\/perfil\/","og_locale":"en_US","og_type":"article","og_title":"Perfil - Selva Agencia Creativa","og_description":"La agencia Fundada y dirigida por Agustin Orol, Selva desarrolla proyectos de Branding y Publicidad poniendo al servicio de los clientes su experiencia en los campos del dise\u00f1o, la produccion de contenidos y los medios de comunicaci\u00f3n.\u00a0 Brindamos soluciones \u00e1giles que integran los procesos de planificaci\u00f3n, creatividad y producci\u00f3n.\u00a0 Nuestra plataforma de trabajo es Cloud [&hellip;]","og_url":"https:\/\/s3lva.com\/en\/perfil\/","og_site_name":"Selva Agencia Creativa","article_modified_time":"2020-06-01T19:34:12+00:00","twitter_card":"summary_large_image","twitter_misc":{"Est. reading time":"1 minute"},"schema":{"@context":"https:\/\/schema.org","@graph":[{"@type":"WebPage","@id":"https:\/\/s3lva.com\/perfil\/","url":"https:\/\/s3lva.com\/perfil\/","name":"Perfil - Selva Agencia Creativa","isPartOf":{"@id":"https:\/\/s3lva.com\/#website"},"datePublished":"2019-11-12T02:43:55+00:00","dateModified":"2020-06-01T19:34:12+00:00","breadcrumb":{"@id":"https:\/\/s3lva.com\/perfil\/#breadcrumb"},"inLanguage":"en-US","potentialAction":[{"@type":"ReadAction","target":["https:\/\/s3lva.com\/perfil\/"]}]},{"@type":"BreadcrumbList","@id":"https:\/\/s3lva.com\/perfil\/#breadcrumb","itemListElement":[{"@type":"ListItem","position":1,"name":"Portada","item":"https:\/\/s3lva.com\/"},{"@type":"ListItem","position":2,"name":"Perfil"}]},{"@type":"WebSite","@id":"https:\/\/s3lva.com\/#website","url":"https:\/\/s3lva.com\/","name":"Selva Agencia Creativa","description":"La agencia creativa que desarrolla estrategias y produce contenidos innovadores para desarrollos inmobiliarios, hoteler\u00eda, medios y bienes de consumo.","potentialAction":[{"@type":"SearchAction","target":{"@type":"EntryPoint","urlTemplate":"https:\/\/s3lva.com\/?s={search_term_string}"},"query-input":{"@type":"PropertyValueSpecification","valueRequired":true,"valueName":"search_term_string"}}],"inLanguage":"en-US"}]}},"_links":{"self":[{"href":"https:\/\/s3lva.com\/en\/wp-json\/wp\/v2\/pages\/930","targetHints":{"allow":["GET"]}}],"collection":[{"href":"https:\/\/s3lva.com\/en\/wp-json\/wp\/v2\/pages"}],"about":[{"href":"https:\/\/s3lva.com\/en\/wp-json\/wp\/v2\/types\/page"}],"author":[{"embeddable":true,"href":"https:\/\/s3lva.com\/en\/wp-json\/wp\/v2\/users\/2"}],"replies":[{"embeddable":true,"href":"https:\/\/s3lva.com\/en\/wp-json\/wp\/v2\/comments?post=930"}],"version-history":[{"count":42,"href":"https:\/\/s3lva.com\/en\/wp-json\/wp\/v2\/pages\/930\/revisions"}],"predecessor-version":[{"id":1582,"href":"https:\/\/s3lva.com\/en\/wp-json\/wp\/v2\/pages\/930\/revisions\/1582"}],"wp:attachment":[{"href":"https:\/\/s3lva.com\/en\/wp-json\/wp\/v2\/media?parent=930"}],"curies":[{"name":"wp","href":"https:\/\/api.w.org\/{rel}","templated":true}]}}